{"id":140,"date":"2024-03-19T20:24:11","date_gmt":"2024-03-19T20:24:11","guid":{"rendered":"https:\/\/www.kuzelkyopava.cz\/?page_id=140"},"modified":"2024-03-20T11:16:23","modified_gmt":"2024-03-20T11:16:23","slug":"home","status":"publish","type":"page","link":"https:\/\/www.kuzelkyopava.cz\/","title":{"rendered":"Home"},"content":{"rendered":"\t\t<div data-elementor-type=\"wp-page\" data-elementor-id=\"140\" class=\"elementor elementor-140\">\n\t\t\t\t\t\t<section class=\"elementor-section elementor-top-section elementor-element elementor-element-5db76a3c elementor-section-boxed elementor-section-height-default elementor-section-height-default\" data-id=\"5db76a3c\" data-element_type=\"section\" data-settings=\"{&quot;background_background&quot;:&quot;classic&quot;}\">\n\t\t\t\t\t\t<div class=\"elementor-container elementor-column-gap-default\">\n\t\t\t\t\t<div class=\"elementor-column elementor-col-100 elementor-top-column elementor-element elementor-element-207681b2\" data-id=\"207681b2\" data-element_type=\"column\" data-settings=\"{&quot;background_background&quot;:&quot;gradient&quot;}\">\n\t\t\t<div class=\"elementor-widget-wrap elementor-element-populated\">\n\t\t\t\t\t<div class=\"elementor-background-overlay\"><\/div>\n\t\t\t\t\t\t<section class=\"elementor-section elementor-inner-section elementor-element elementor-element-13ec6595 elementor-section-boxed elementor-section-height-default elementor-section-height-default\" data-id=\"13ec6595\" data-element_type=\"section\">\n\t\t\t\t\t\t<div class=\"elementor-container elementor-column-gap-default\">\n\t\t\t\t\t<div class=\"elementor-column elementor-col-50 elementor-inner-column elementor-element elementor-element-75ae3f7e\" data-id=\"75ae3f7e\" data-element_type=\"column\">\n\t\t\t<div class=\"elementor-widget-wrap elementor-element-populated\">\n\t\t\t\t\t\t<div class=\"elementor-element elementor-element-5f555aa4 animated-slow elementor-invisible elementor-widget elementor-widget-heading\" data-id=\"5f555aa4\" data-element_type=\"widget\" data-settings=\"{&quot;_animation&quot;:&quot;fadeIn&quot;}\" data-widget_type=\"heading.default\">\n\t\t\t\t<div class=\"elementor-widget-container\">\n\t\t\t<style>\/*! elementor - v3.20.0 - 13-03-2024 *\/\n.elementor-heading-title{padding:0;margin:0;line-height:1}.elementor-widget-heading .elementor-heading-title[class*=elementor-size-]>a{color:inherit;font-size:inherit;line-height:inherit}.elementor-widget-heading .elementor-heading-title.elementor-size-small{font-size:15px}.elementor-widget-heading .elementor-heading-title.elementor-size-medium{font-size:19px}.elementor-widget-heading .elementor-heading-title.elementor-size-large{font-size:29px}.elementor-widget-heading .elementor-heading-title.elementor-size-xl{font-size:39px}.elementor-widget-heading .elementor-heading-title.elementor-size-xxl{font-size:59px}<\/style><h2 class=\"elementor-heading-title elementor-size-default\">TJ OPAVA<\/h2>\t\t<\/div>\n\t\t\t\t<\/div>\n\t\t\t\t<div class=\"elementor-element elementor-element-6cc594fd animated-slow elementor-invisible elementor-widget elementor-widget-heading\" data-id=\"6cc594fd\" data-element_type=\"widget\" data-settings=\"{&quot;_animation&quot;:&quot;fadeIn&quot;,&quot;_animation_delay&quot;:300}\" data-widget_type=\"heading.default\">\n\t\t\t\t<div class=\"elementor-widget-container\">\n\t\t\t<h1 class=\"elementor-heading-title elementor-size-default\">Odd\u00edl ku\u017eelek<\/h1>\t\t<\/div>\n\t\t\t\t<\/div>\n\t\t\t\t<div class=\"elementor-element elementor-element-55ab20bb animated-slow elementor-invisible elementor-widget elementor-widget-text-editor\" data-id=\"55ab20bb\" data-element_type=\"widget\" data-settings=\"{&quot;_animation&quot;:&quot;fadeIn&quot;,&quot;_animation_delay&quot;:500}\" data-widget_type=\"text-editor.default\">\n\t\t\t\t<div class=\"elementor-widget-container\">\n\t\t\t<style>\/*! elementor - v3.20.0 - 13-03-2024 *\/\n.elementor-widget-text-editor.elementor-drop-cap-view-stacked .elementor-drop-cap{background-color:#69727d;color:#fff}.elementor-widget-text-editor.elementor-drop-cap-view-framed .elementor-drop-cap{color:#69727d;border:3px solid;background-color:transparent}.elementor-widget-text-editor:not(.elementor-drop-cap-view-default) .elementor-drop-cap{margin-top:8px}.elementor-widget-text-editor:not(.elementor-drop-cap-view-default) .elementor-drop-cap-letter{width:1em;height:1em}.elementor-widget-text-editor .elementor-drop-cap{float:left;text-align:center;line-height:1;font-size:50px}.elementor-widget-text-editor .elementor-drop-cap-letter{display:inline-block}<\/style>\t\t\t\t<p>V\u00edtejte na ofici\u00e1ln\u00ed str\u00e1nk\u00e1ch ku\u017eelk\u00e1\u0159sk\u00e9ho klubu TJ Opava<\/p>\t\t\t\t\t\t<\/div>\n\t\t\t\t<\/div>\n\t\t\t\t\t<\/div>\n\t\t<\/div>\n\t\t\t\t<div class=\"elementor-column elementor-col-50 elementor-inner-column elementor-element elementor-element-86b7cab\" data-id=\"86b7cab\" data-element_type=\"column\">\n\t\t\t<div class=\"elementor-widget-wrap elementor-element-populated\">\n\t\t\t\t\t\t<div class=\"elementor-element elementor-element-2fef131f animated-slow elementor-invisible elementor-widget elementor-widget-image\" data-id=\"2fef131f\" data-element_type=\"widget\" data-settings=\"{&quot;_animation&quot;:&quot;fadeIn&quot;,&quot;_animation_delay&quot;:1100}\" data-widget_type=\"image.default\">\n\t\t\t\t<div class=\"elementor-widget-container\">\n\t\t\t<style>\/*! elementor - v3.20.0 - 13-03-2024 *\/\n.elementor-widget-image{text-align:center}.elementor-widget-image a{display:inline-block}.elementor-widget-image a img[src$=\".svg\"]{width:48px}.elementor-widget-image img{vertical-align:middle;display:inline-block}<\/style>\t\t\t\t\t\t\t\t\t\t<img fetchpriority=\"high\" decoding=\"async\" width=\"528\" height=\"218\" src=\"https:\/\/www.kuzelkyopava.cz\/wp-content\/uploads\/2024\/03\/silver.png\" class=\"attachment-large size-large wp-image-132\" alt=\"\" srcset=\"https:\/\/www.kuzelkyopava.cz\/wp-content\/uploads\/2024\/03\/silver.png 528w, https:\/\/www.kuzelkyopava.cz\/wp-content\/uploads\/2024\/03\/silver-300x124.png 300w\" sizes=\"(max-width: 528px) 100vw, 528px\" \/>\t\t\t\t\t\t\t\t\t\t\t\t\t<\/div>\n\t\t\t\t<\/div>\n\t\t\t\t\t<\/div>\n\t\t<\/div>\n\t\t\t\t\t<\/div>\n\t\t<\/section>\n\t\t\t\t\t<\/div>\n\t\t<\/div>\n\t\t\t\t\t<\/div>\n\t\t<\/section>\n\t\t\t\t<section class=\"elementor-section elementor-top-section elementor-element elementor-element-7d92e7b elementor-section-boxed elementor-section-height-default elementor-section-height-default\" data-id=\"7d92e7b\" data-element_type=\"section\" data-settings=\"{&quot;background_background&quot;:&quot;classic&quot;}\">\n\t\t\t\t\t\t<div class=\"elementor-container elementor-column-gap-default\">\n\t\t\t\t\t<div class=\"elementor-column elementor-col-33 elementor-top-column elementor-element elementor-element-195ebe1e animated-slow elementor-invisible\" data-id=\"195ebe1e\" data-element_type=\"column\" data-settings=\"{&quot;background_background&quot;:&quot;classic&quot;,&quot;animation&quot;:&quot;fadeIn&quot;}\">\n\t\t\t<div class=\"elementor-widget-wrap elementor-element-populated\">\n\t\t\t\t\t<div class=\"elementor-background-overlay\"><\/div>\n\t\t\t\t\t\t<div class=\"elementor-element elementor-element-33c6fd14 elementor-widget elementor-widget-heading\" data-id=\"33c6fd14\" data-element_type=\"widget\" data-widget_type=\"heading.default\">\n\t\t\t\t<div class=\"elementor-widget-container\">\n\t\t\t<h2 class=\"elementor-heading-title elementor-size-default\">Aktu\u00e1ln\u00ed v\u00fdsledky<\/h2>\t\t<\/div>\n\t\t\t\t<\/div>\n\t\t\t\t<section class=\"elementor-section elementor-inner-section elementor-element elementor-element-75e8986b elementor-section-boxed elementor-section-height-default elementor-section-height-default\" data-id=\"75e8986b\" data-element_type=\"section\">\n\t\t\t\t\t\t<div class=\"elementor-container elementor-column-gap-default\">\n\t\t\t\t\t<div class=\"elementor-column elementor-col-100 elementor-inner-column elementor-element elementor-element-4a2c6915\" data-id=\"4a2c6915\" data-element_type=\"column\">\n\t\t\t<div class=\"elementor-widget-wrap elementor-element-populated\">\n\t\t\t\t\t\t<div class=\"elementor-element elementor-element-733aafe8 elementor-widget elementor-widget-image\" data-id=\"733aafe8\" data-element_type=\"widget\" data-widget_type=\"image.default\">\n\t\t\t\t<div class=\"elementor-widget-container\">\n\t\t\t\t\t\t\t\t\t\t\t\t\t\t<a href=\"https:\/\/www.kuzelky.com\/\">\n\t\t\t\t\t\t\t<img decoding=\"async\" width=\"800\" height=\"800\" src=\"https:\/\/www.kuzelkyopava.cz\/wp-content\/uploads\/2024\/03\/Badge-Bowling-Pin-Icon.I09.2k-1024x1024.png\" class=\"attachment-large size-large wp-image-148\" alt=\"\" srcset=\"https:\/\/www.kuzelkyopava.cz\/wp-content\/uploads\/2024\/03\/Badge-Bowling-Pin-Icon.I09.2k-1024x1024.png 1024w, https:\/\/www.kuzelkyopava.cz\/wp-content\/uploads\/2024\/03\/Badge-Bowling-Pin-Icon.I09.2k-300x300.png 300w, https:\/\/www.kuzelkyopava.cz\/wp-content\/uploads\/2024\/03\/Badge-Bowling-Pin-Icon.I09.2k-150x150.png 150w, https:\/\/www.kuzelkyopava.cz\/wp-content\/uploads\/2024\/03\/Badge-Bowling-Pin-Icon.I09.2k-768x768.png 768w, https:\/\/www.kuzelkyopava.cz\/wp-content\/uploads\/2024\/03\/Badge-Bowling-Pin-Icon.I09.2k-1536x1536.png 1536w, https:\/\/www.kuzelkyopava.cz\/wp-content\/uploads\/2024\/03\/Badge-Bowling-Pin-Icon.I09.2k.png 2048w\" sizes=\"(max-width: 800px) 100vw, 800px\" \/>\t\t\t\t\t\t\t\t<\/a>\n\t\t\t\t\t\t\t\t\t\t\t\t\t<\/div>\n\t\t\t\t<\/div>\n\t\t\t\t\t<\/div>\n\t\t<\/div>\n\t\t\t\t\t<\/div>\n\t\t<\/section>\n\t\t\t\t<div class=\"elementor-element elementor-element-60ed3566 elementor-align-justify elementor-widget elementor-widget-button\" data-id=\"60ed3566\" data-element_type=\"widget\" data-widget_type=\"button.default\">\n\t\t\t\t<div class=\"elementor-widget-container\">\n\t\t\t\t\t<div class=\"elementor-button-wrapper\">\n\t\t\t<a class=\"elementor-button elementor-button-link elementor-size-sm\" href=\"https:\/\/www.kuzelky.com\/\">\n\t\t\t\t\t\t<span class=\"elementor-button-content-wrapper\">\n\t\t\t\t\t\t<span class=\"elementor-button-text\">kuzelky.com<\/span>\n\t\t<\/span>\n\t\t\t\t\t<\/a>\n\t\t<\/div>\n\t\t\t\t<\/div>\n\t\t\t\t<\/div>\n\t\t\t\t\t<\/div>\n\t\t<\/div>\n\t\t\t\t<div class=\"elementor-column elementor-col-33 elementor-top-column elementor-element elementor-element-42b82dd4 animated-slow elementor-invisible\" data-id=\"42b82dd4\" data-element_type=\"column\" data-settings=\"{&quot;background_background&quot;:&quot;classic&quot;,&quot;animation&quot;:&quot;fadeIn&quot;,&quot;animation_delay&quot;:300}\">\n\t\t\t<div class=\"elementor-widget-wrap elementor-element-populated\">\n\t\t\t\t\t<div class=\"elementor-background-overlay\"><\/div>\n\t\t\t\t\t\t<div class=\"elementor-element elementor-element-63ba9e4d elementor-widget elementor-widget-heading\" data-id=\"63ba9e4d\" data-element_type=\"widget\" data-widget_type=\"heading.default\">\n\t\t\t\t<div class=\"elementor-widget-container\">\n\t\t\t<h2 class=\"elementor-heading-title elementor-size-default\">N\u00e1\u0161 youtube<\/h2>\t\t<\/div>\n\t\t\t\t<\/div>\n\t\t\t\t<section class=\"elementor-section elementor-inner-section elementor-element elementor-element-60fd9d43 elementor-section-boxed elementor-section-height-default elementor-section-height-default\" data-id=\"60fd9d43\" data-element_type=\"section\">\n\t\t\t\t\t\t<div class=\"elementor-container elementor-column-gap-default\">\n\t\t\t\t\t<div class=\"elementor-column elementor-col-100 elementor-inner-column elementor-element elementor-element-13b5c779\" data-id=\"13b5c779\" data-element_type=\"column\">\n\t\t\t<div class=\"elementor-widget-wrap elementor-element-populated\">\n\t\t\t\t\t\t<div class=\"elementor-element elementor-element-452e900d elementor-widget elementor-widget-image\" data-id=\"452e900d\" data-element_type=\"widget\" data-widget_type=\"image.default\">\n\t\t\t\t<div class=\"elementor-widget-container\">\n\t\t\t\t\t\t\t\t\t\t\t\t\t\t<a href=\"https:\/\/www.youtube.com\/@KuzelkyOpava\">\n\t\t\t\t\t\t\t<img decoding=\"async\" width=\"800\" height=\"800\" src=\"https:\/\/www.kuzelkyopava.cz\/wp-content\/uploads\/2024\/03\/Play-Icon-Black-Gold.I01.2k-1024x1024.png\" class=\"attachment-large size-large wp-image-152\" alt=\"\" srcset=\"https:\/\/www.kuzelkyopava.cz\/wp-content\/uploads\/2024\/03\/Play-Icon-Black-Gold.I01.2k-1024x1024.png 1024w, https:\/\/www.kuzelkyopava.cz\/wp-content\/uploads\/2024\/03\/Play-Icon-Black-Gold.I01.2k-300x300.png 300w, https:\/\/www.kuzelkyopava.cz\/wp-content\/uploads\/2024\/03\/Play-Icon-Black-Gold.I01.2k-150x150.png 150w, https:\/\/www.kuzelkyopava.cz\/wp-content\/uploads\/2024\/03\/Play-Icon-Black-Gold.I01.2k-768x768.png 768w, https:\/\/www.kuzelkyopava.cz\/wp-content\/uploads\/2024\/03\/Play-Icon-Black-Gold.I01.2k-1536x1536.png 1536w, https:\/\/www.kuzelkyopava.cz\/wp-content\/uploads\/2024\/03\/Play-Icon-Black-Gold.I01.2k.png 2048w\" sizes=\"(max-width: 800px) 100vw, 800px\" \/>\t\t\t\t\t\t\t\t<\/a>\n\t\t\t\t\t\t\t\t\t\t\t\t\t<\/div>\n\t\t\t\t<\/div>\n\t\t\t\t\t<\/div>\n\t\t<\/div>\n\t\t\t\t\t<\/div>\n\t\t<\/section>\n\t\t\t\t<div class=\"elementor-element elementor-element-329ffc3a elementor-align-justify elementor-widget elementor-widget-button\" data-id=\"329ffc3a\" data-element_type=\"widget\" data-widget_type=\"button.default\">\n\t\t\t\t<div class=\"elementor-widget-container\">\n\t\t\t\t\t<div class=\"elementor-button-wrapper\">\n\t\t\t<a class=\"elementor-button elementor-button-link elementor-size-sm\" href=\"https:\/\/www.youtube.com\/@KuzelkyOpava\">\n\t\t\t\t\t\t<span class=\"elementor-button-content-wrapper\">\n\t\t\t\t\t\t<span class=\"elementor-button-text\">@KuzelkyOpava<\/span>\n\t\t<\/span>\n\t\t\t\t\t<\/a>\n\t\t<\/div>\n\t\t\t\t<\/div>\n\t\t\t\t<\/div>\n\t\t\t\t\t<\/div>\n\t\t<\/div>\n\t\t\t\t<div class=\"elementor-column elementor-col-33 elementor-top-column elementor-element elementor-element-57763bbb animated-slow elementor-invisible\" data-id=\"57763bbb\" data-element_type=\"column\" data-settings=\"{&quot;background_background&quot;:&quot;classic&quot;,&quot;animation&quot;:&quot;fadeIn&quot;,&quot;animation_delay&quot;:600}\">\n\t\t\t<div class=\"elementor-widget-wrap elementor-element-populated\">\n\t\t\t\t\t<div class=\"elementor-background-overlay\"><\/div>\n\t\t\t\t\t\t<div class=\"elementor-element elementor-element-7abfd1b7 elementor-widget elementor-widget-heading\" data-id=\"7abfd1b7\" data-element_type=\"widget\" data-widget_type=\"heading.default\">\n\t\t\t\t<div class=\"elementor-widget-container\">\n\t\t\t<h2 class=\"elementor-heading-title elementor-size-default\">Facebook<\/h2>\t\t<\/div>\n\t\t\t\t<\/div>\n\t\t\t\t<section class=\"elementor-section elementor-inner-section elementor-element elementor-element-82b9674 elementor-section-boxed elementor-section-height-default elementor-section-height-default\" data-id=\"82b9674\" data-element_type=\"section\">\n\t\t\t\t\t\t<div class=\"elementor-container elementor-column-gap-default\">\n\t\t\t\t\t<div class=\"elementor-column elementor-col-100 elementor-inner-column elementor-element elementor-element-466e223c\" data-id=\"466e223c\" data-element_type=\"column\">\n\t\t\t<div class=\"elementor-widget-wrap elementor-element-populated\">\n\t\t\t\t\t\t<div class=\"elementor-element elementor-element-7ce4bb9e elementor-widget elementor-widget-image\" data-id=\"7ce4bb9e\" data-element_type=\"widget\" data-widget_type=\"image.default\">\n\t\t\t\t<div class=\"elementor-widget-container\">\n\t\t\t\t\t\t\t\t\t\t\t\t\t\t<a href=\"https:\/\/www.facebook.com\/kuzelkyopava\">\n\t\t\t\t\t\t\t<img loading=\"lazy\" decoding=\"async\" width=\"800\" height=\"800\" src=\"https:\/\/www.kuzelkyopava.cz\/wp-content\/uploads\/2024\/03\/Thumbs-Up-Symbol.J01.2k-1024x1024.png\" class=\"attachment-large size-large wp-image-156\" alt=\"\" srcset=\"https:\/\/www.kuzelkyopava.cz\/wp-content\/uploads\/2024\/03\/Thumbs-Up-Symbol.J01.2k-1024x1024.png 1024w, https:\/\/www.kuzelkyopava.cz\/wp-content\/uploads\/2024\/03\/Thumbs-Up-Symbol.J01.2k-300x300.png 300w, https:\/\/www.kuzelkyopava.cz\/wp-content\/uploads\/2024\/03\/Thumbs-Up-Symbol.J01.2k-150x150.png 150w, https:\/\/www.kuzelkyopava.cz\/wp-content\/uploads\/2024\/03\/Thumbs-Up-Symbol.J01.2k-768x768.png 768w, https:\/\/www.kuzelkyopava.cz\/wp-content\/uploads\/2024\/03\/Thumbs-Up-Symbol.J01.2k-1536x1536.png 1536w, https:\/\/www.kuzelkyopava.cz\/wp-content\/uploads\/2024\/03\/Thumbs-Up-Symbol.J01.2k.png 2048w\" sizes=\"(max-width: 800px) 100vw, 800px\" \/>\t\t\t\t\t\t\t\t<\/a>\n\t\t\t\t\t\t\t\t\t\t\t\t\t<\/div>\n\t\t\t\t<\/div>\n\t\t\t\t\t<\/div>\n\t\t<\/div>\n\t\t\t\t\t<\/div>\n\t\t<\/section>\n\t\t\t\t<div class=\"elementor-element elementor-element-58e986e6 elementor-align-justify elementor-widget elementor-widget-button\" data-id=\"58e986e6\" data-element_type=\"widget\" data-widget_type=\"button.default\">\n\t\t\t\t<div class=\"elementor-widget-container\">\n\t\t\t\t\t<div class=\"elementor-button-wrapper\">\n\t\t\t<a class=\"elementor-button elementor-button-link elementor-size-sm\" href=\"https:\/\/www.facebook.com\/kuzelkyopava\">\n\t\t\t\t\t\t<span class=\"elementor-button-content-wrapper\">\n\t\t\t\t\t\t<span class=\"elementor-button-text\">kuzelkyopava<\/span>\n\t\t<\/span>\n\t\t\t\t\t<\/a>\n\t\t<\/div>\n\t\t\t\t<\/div>\n\t\t\t\t<\/div>\n\t\t\t\t\t<\/div>\n\t\t<\/div>\n\t\t\t\t\t<\/div>\n\t\t<\/section>\n\t\t\t\t<\/div>\n\t\t","protected":false},"excerpt":{"rendered":"<p>TJ OPAVA Odd\u00edl ku\u017eelek V\u00edtejte na ofici\u00e1ln\u00ed str\u00e1nk\u00e1ch ku\u017eelk\u00e1\u0159sk\u00e9ho klubu TJ Opava Aktu\u00e1ln\u00ed v\u00fdsledky kuzelky.com N\u00e1\u0161 youtube @KuzelkyOpava Facebook kuzelkyopava<\/p>\n","protected":false},"author":1,"featured_media":0,"parent":0,"menu_order":0,"comment_status":"closed","ping_status":"closed","template":"","meta":{"footnotes":""},"class_list":["post-140","page","type-page","status-publish","hentry"],"_links":{"self":[{"href":"https:\/\/www.kuzelkyopava.cz\/index.php?rest_route=\/wp\/v2\/pages\/140","targetHints":{"allow":["GET"]}}],"collection":[{"href":"https:\/\/www.kuzelkyopava.cz\/index.php?rest_route=\/wp\/v2\/pages"}],"about":[{"href":"https:\/\/www.kuzelkyopava.cz\/index.php?rest_route=\/wp\/v2\/types\/page"}],"author":[{"embeddable":true,"href":"https:\/\/www.kuzelkyopava.cz\/index.php?rest_route=\/wp\/v2\/users\/1"}],"replies":[{"embeddable":true,"href":"https:\/\/www.kuzelkyopava.cz\/index.php?rest_route=%2Fwp%2Fv2%2Fcomments&post=140"}],"version-history":[{"count":25,"href":"https:\/\/www.kuzelkyopava.cz\/index.php?rest_route=\/wp\/v2\/pages\/140\/revisions"}],"predecessor-version":[{"id":277,"href":"https:\/\/www.kuzelkyopava.cz\/index.php?rest_route=\/wp\/v2\/pages\/140\/revisions\/277"}],"wp:attachment":[{"href":"https:\/\/www.kuzelkyopava.cz\/index.php?rest_route=%2Fwp%2Fv2%2Fmedia&parent=140"}],"curies":[{"name":"wp","href":"https:\/\/api.w.org\/{rel}","templated":true}]}}