{"id":249,"date":"2024-03-19T22:30:17","date_gmt":"2024-03-19T22:30:17","guid":{"rendered":"https:\/\/www.kuzelkyopava.cz\/?page_id=249"},"modified":"2025-02-17T15:02:09","modified_gmt":"2025-02-17T15:02:09","slug":"pronajem","status":"publish","type":"page","link":"https:\/\/www.kuzelkyopava.cz\/?page_id=249","title":{"rendered":"Pron\u00e1jem"},"content":{"rendered":"\t\t<div data-elementor-type=\"wp-page\" data-elementor-id=\"249\" class=\"elementor elementor-249\">\n\t\t\t\t\t\t<section class=\"elementor-section elementor-top-section elementor-element elementor-element-59b95863 elementor-section-boxed elementor-section-height-default elementor-section-height-default\" data-id=\"59b95863\" data-element_type=\"section\">\n\t\t\t\t\t\t<div class=\"elementor-container elementor-column-gap-default\">\n\t\t\t\t\t<div class=\"elementor-column elementor-col-50 elementor-top-column elementor-element elementor-element-53e61305\" data-id=\"53e61305\" data-element_type=\"column\" data-settings=\"{&quot;background_background&quot;:&quot;classic&quot;}\">\n\t\t\t<div class=\"elementor-widget-wrap elementor-element-populated\">\n\t\t\t\t\t<div class=\"elementor-background-overlay\"><\/div>\n\t\t\t\t\t\t<div class=\"elementor-element elementor-element-36b308fa elementor-widget elementor-widget-image\" data-id=\"36b308fa\" data-element_type=\"widget\" data-widget_type=\"image.default\">\n\t\t\t\t<div class=\"elementor-widget-container\">\n\t\t\t<style>\/*! elementor - v3.20.0 - 13-03-2024 *\/\n.elementor-widget-image{text-align:center}.elementor-widget-image a{display:inline-block}.elementor-widget-image a img[src$=\".svg\"]{width:48px}.elementor-widget-image img{vertical-align:middle;display:inline-block}<\/style>\t\t\t\t\t\t\t\t\t\t<img fetchpriority=\"high\" decoding=\"async\" width=\"800\" height=\"800\" src=\"https:\/\/www.kuzelkyopava.cz\/wp-content\/uploads\/2024\/03\/Symbol-Bowling-Pin-Silver.H02.2k-1024x1024.png\" class=\"attachment-large size-large wp-image-258\" alt=\"\" srcset=\"https:\/\/www.kuzelkyopava.cz\/wp-content\/uploads\/2024\/03\/Symbol-Bowling-Pin-Silver.H02.2k-1024x1024.png 1024w, https:\/\/www.kuzelkyopava.cz\/wp-content\/uploads\/2024\/03\/Symbol-Bowling-Pin-Silver.H02.2k-300x300.png 300w, https:\/\/www.kuzelkyopava.cz\/wp-content\/uploads\/2024\/03\/Symbol-Bowling-Pin-Silver.H02.2k-150x150.png 150w, https:\/\/www.kuzelkyopava.cz\/wp-content\/uploads\/2024\/03\/Symbol-Bowling-Pin-Silver.H02.2k-768x768.png 768w, https:\/\/www.kuzelkyopava.cz\/wp-content\/uploads\/2024\/03\/Symbol-Bowling-Pin-Silver.H02.2k-1536x1536.png 1536w, https:\/\/www.kuzelkyopava.cz\/wp-content\/uploads\/2024\/03\/Symbol-Bowling-Pin-Silver.H02.2k.png 2048w\" sizes=\"(max-width: 800px) 100vw, 800px\" \/>\t\t\t\t\t\t\t\t\t\t\t\t\t<\/div>\n\t\t\t\t<\/div>\n\t\t\t\t\t<\/div>\n\t\t<\/div>\n\t\t\t\t<div class=\"elementor-column elementor-col-50 elementor-top-column elementor-element elementor-element-989bb91\" data-id=\"989bb91\" data-element_type=\"column\">\n\t\t\t<div class=\"elementor-widget-wrap elementor-element-populated\">\n\t\t\t\t\t\t<div class=\"elementor-element elementor-element-115133d elementor-widget elementor-widget-heading\" data-id=\"115133d\" data-element_type=\"widget\" data-widget_type=\"heading.default\">\n\t\t\t\t<div class=\"elementor-widget-container\">\n\t\t\t<style>\/*! elementor - v3.20.0 - 13-03-2024 *\/\n.elementor-heading-title{padding:0;margin:0;line-height:1}.elementor-widget-heading .elementor-heading-title[class*=elementor-size-]>a{color:inherit;font-size:inherit;line-height:inherit}.elementor-widget-heading .elementor-heading-title.elementor-size-small{font-size:15px}.elementor-widget-heading .elementor-heading-title.elementor-size-medium{font-size:19px}.elementor-widget-heading .elementor-heading-title.elementor-size-large{font-size:29px}.elementor-widget-heading .elementor-heading-title.elementor-size-xl{font-size:39px}.elementor-widget-heading .elementor-heading-title.elementor-size-xxl{font-size:59px}<\/style><h2 class=\"elementor-heading-title elementor-size-default\">Pron\u00e1jem<\/h2>\t\t<\/div>\n\t\t\t\t<\/div>\n\t\t\t\t<div class=\"elementor-element elementor-element-10f901b elementor-widget elementor-widget-text-editor\" data-id=\"10f901b\" data-element_type=\"widget\" data-widget_type=\"text-editor.default\">\n\t\t\t\t<div class=\"elementor-widget-container\">\n\t\t\t<style>\/*! elementor - v3.20.0 - 13-03-2024 *\/\n.elementor-widget-text-editor.elementor-drop-cap-view-stacked .elementor-drop-cap{background-color:#69727d;color:#fff}.elementor-widget-text-editor.elementor-drop-cap-view-framed .elementor-drop-cap{color:#69727d;border:3px solid;background-color:transparent}.elementor-widget-text-editor:not(.elementor-drop-cap-view-default) .elementor-drop-cap{margin-top:8px}.elementor-widget-text-editor:not(.elementor-drop-cap-view-default) .elementor-drop-cap-letter{width:1em;height:1em}.elementor-widget-text-editor .elementor-drop-cap{float:left;text-align:center;line-height:1;font-size:50px}.elementor-widget-text-editor .elementor-drop-cap-letter{display:inline-block}<\/style>\t\t\t\t<p><span style=\"color: #000000;\">Pron\u00e1jem drah je mo\u017en\u00fd pouze po p\u0159edchoz\u00ed domluv\u011b.<\/span><\/p><p><span style=\"color: #000000;\">V p\u0159\u00edpad\u011b \u017ee m\u00e1te z\u00e1jem o v\u011bt\u0161\u00ed akci (pron\u00e1jem cel\u00e9 ku\u017eelny &#8211; v\u0161echny dr\u00e1hy na 4 a v\u00edce hodin) je mo\u017eno domluvit individu\u00e1ln\u00ed ceny.<\/span><\/p>\t\t\t\t\t\t<\/div>\n\t\t\t\t<\/div>\n\t\t\t\t<div class=\"elementor-element elementor-element-589cf40 elementor-widget elementor-widget-heading\" data-id=\"589cf40\" data-element_type=\"widget\" data-widget_type=\"heading.default\">\n\t\t\t\t<div class=\"elementor-widget-container\">\n\t\t\t<h2 class=\"elementor-heading-title elementor-size-default\">Cena<\/h2>\t\t<\/div>\n\t\t\t\t<\/div>\n\t\t\t\t<div class=\"elementor-element elementor-element-22c7af5 elementor-widget elementor-widget-text-editor\" data-id=\"22c7af5\" data-element_type=\"widget\" data-widget_type=\"text-editor.default\">\n\t\t\t\t<div class=\"elementor-widget-container\">\n\t\t\t\t\t\t\t<div><span style=\"color: #000000;\">Cena pron\u00e1jmu je 300,- \/ dr\u00e1ha\/ hodina.<\/span><\/div>\n<div>&nbsp;<\/div>\t\t\t\t\t\t<\/div>\n\t\t\t\t<\/div>\n\t\t\t\t<div class=\"elementor-element elementor-element-59a8ade elementor-widget elementor-widget-heading\" data-id=\"59a8ade\" data-element_type=\"widget\" data-widget_type=\"heading.default\">\n\t\t\t\t<div class=\"elementor-widget-container\">\n\t\t\t<h2 class=\"elementor-heading-title elementor-size-default\">Kontakt<\/h2>\t\t<\/div>\n\t\t\t\t<\/div>\n\t\t\t\t<div class=\"elementor-element elementor-element-9aa6e6d elementor-widget elementor-widget-text-editor\" data-id=\"9aa6e6d\" data-element_type=\"widget\" data-widget_type=\"text-editor.default\">\n\t\t\t\t<div class=\"elementor-widget-container\">\n\t\t\t\t\t\t\t<div><span style=\"color: #000000;\">Pavel Ja\u0161ek, +420 603 203 508\u00a0<\/span><span style=\"color: #000000; background-color: var( --e-global-color-secondary ); font-family: var( --e-global-typography-text-font-family ), Sans-serif; font-size: 1rem; font-weight: var( --e-global-typography-text-font-weight );\">nebo\u00a0<\/span><a style=\"font-family: var( --e-global-typography-text-font-family ), Sans-serif; font-size: 1rem; font-weight: var( --e-global-typography-text-font-weight ); color: #000000;\" href=\"mailto:kuzelkyopava@kuzelkyopava.cz\">kuzelkyopava@kuzelkyopava.cz<\/a><\/div><div>\u00a0<\/div>\t\t\t\t\t\t<\/div>\n\t\t\t\t<\/div>\n\t\t\t\t\t<\/div>\n\t\t<\/div>\n\t\t\t\t\t<\/div>\n\t\t<\/section>\n\t\t\t\t<\/div>\n\t\t","protected":false},"excerpt":{"rendered":"<p>Pron\u00e1jem Pron\u00e1jem drah je mo\u017en\u00fd pouze po p\u0159edchoz\u00ed domluv\u011b. V p\u0159\u00edpad\u011b \u017ee m\u00e1te z\u00e1jem o v\u011bt\u0161\u00ed akci (pron\u00e1jem cel\u00e9 ku\u017eelny &#8211; v\u0161echny dr\u00e1hy na 4 a v\u00edce hodin) je mo\u017eno domluvit individu\u00e1ln\u00ed ceny. Cena Cena pron\u00e1jmu je 300,- \/ dr\u00e1ha\/ hodina. &nbsp; Kontakt Pavel Ja\u0161ek, +420 603 203 508\u00a0nebo\u00a0kuzelkyopava@kuzelkyopava.cz\u00a0<\/p>\n","protected":false},"author":1,"featured_media":0,"parent":0,"menu_order":0,"comment_status":"closed","ping_status":"closed","template":"elementor_header_footer","meta":{"footnotes":""},"class_list":["post-249","page","type-page","status-publish","hentry"],"_links":{"self":[{"href":"https:\/\/www.kuzelkyopava.cz\/index.php?rest_route=\/wp\/v2\/pages\/249","targetHints":{"allow":["GET"]}}],"collection":[{"href":"https:\/\/www.kuzelkyopava.cz\/index.php?rest_route=\/wp\/v2\/pages"}],"about":[{"href":"https:\/\/www.kuzelkyopava.cz\/index.php?rest_route=\/wp\/v2\/types\/page"}],"author":[{"embeddable":true,"href":"https:\/\/www.kuzelkyopava.cz\/index.php?rest_route=\/wp\/v2\/users\/1"}],"replies":[{"embeddable":true,"href":"https:\/\/www.kuzelkyopava.cz\/index.php?rest_route=%2Fwp%2Fv2%2Fcomments&post=249"}],"version-history":[{"count":40,"href":"https:\/\/www.kuzelkyopava.cz\/index.php?rest_route=\/wp\/v2\/pages\/249\/revisions"}],"predecessor-version":[{"id":479,"href":"https:\/\/www.kuzelkyopava.cz\/index.php?rest_route=\/wp\/v2\/pages\/249\/revisions\/479"}],"wp:attachment":[{"href":"https:\/\/www.kuzelkyopava.cz\/index.php?rest_route=%2Fwp%2Fv2%2Fmedia&parent=249"}],"curies":[{"name":"wp","href":"https:\/\/api.w.org\/{rel}","templated":true}]}}